{"id":584,"date":"2024-09-04T00:01:01","date_gmt":"2024-09-03T22:01:01","guid":{"rendered":"https:\/\/novaclinicasantaanita.com.ec\/?post_type=product&#038;p=584"},"modified":"2024-09-04T00:01:01","modified_gmt":"2024-09-03T22:01:01","slug":"dr-estuardo-duran","status":"publish","type":"product","link":"https:\/\/novaclinicasantaanita.com.ec\/?product=dr-estuardo-duran","title":{"rendered":"Dr. Estuardo Dur\u00e1n"},"content":{"rendered":"<p>M\u00e9dico general. Jefe de m\u00e9dicos residentes<\/p>\n","protected":false},"excerpt":{"rendered":"<p>M\u00e9dico general. Jefe de m\u00e9dicos residentes<\/p>\n","protected":false},"featured_media":572,"template":"","meta":[],"product_brand":[],"product_cat":[33,42],"product_tag":[24,25],"class_list":{"0":"post-584","1":"product","2":"type-product","3":"status-publish","4":"has-post-thumbnail","6":"product_cat-chequeo-medicos-preventivos","7":"product_cat-emergenciologia","8":"product_tag-medico-general","9":"product_tag-residente","11":"first","12":"instock","13":"shipping-taxable","14":"product-type-simple"},"_links":{"self":[{"href":"https:\/\/novaclinicasantaanita.com.ec\/index.php?rest_route=\/wp\/v2\/product\/584","targetHints":{"allow":["GET"]}}],"collection":[{"href":"https:\/\/novaclinicasantaanita.com.ec\/index.php?rest_route=\/wp\/v2\/product"}],"about":[{"href":"https:\/\/novaclinicasantaanita.com.ec\/index.php?rest_route=\/wp\/v2\/types\/product"}],"wp:featuredmedia":[{"embeddable":true,"href":"https:\/\/novaclinicasantaanita.com.ec\/index.php?rest_route=\/wp\/v2\/media\/572"}],"wp:attachment":[{"href":"https:\/\/novaclinicasantaanita.com.ec\/index.php?rest_route=%2Fwp%2Fv2%2Fmedia&parent=584"}],"wp:term":[{"taxonomy":"product_brand","embeddable":true,"href":"https:\/\/novaclinicasantaanita.com.ec\/index.php?rest_route=%2Fwp%2Fv2%2Fproduct_brand&post=584"},{"taxonomy":"product_cat","embeddable":true,"href":"https:\/\/novaclinicasantaanita.com.ec\/index.php?rest_route=%2Fwp%2Fv2%2Fproduct_cat&post=584"},{"taxonomy":"product_tag","embeddable":true,"href":"https:\/\/novaclinicasantaanita.com.ec\/index.php?rest_route=%2Fwp%2Fv2%2Fproduct_tag&post=584"}],"curies":[{"name":"wp","href":"https:\/\/api.w.org\/{rel}","templated":true}]}}